{"id":25,"date":"2014-09-26T17:24:29","date_gmt":"2014-09-26T17:24:29","guid":{"rendered":"http:\/\/192.168.1.104\/enfold-photography\/?page_id=25"},"modified":"2024-04-24T13:43:11","modified_gmt":"2024-04-24T13:43:11","slug":"portfolio-2","status":"publish","type":"page","link":"https:\/\/pamas.com.tr\/en\/portfolio-2\/","title":{"rendered":"Portfolio"},"content":{"rendered":"<style type=\"text\/css\" data-created_by=\"avia_inline_auto\" id=\"style-css-av-lvdr9eja-d185c2e3b500e9c8243e40d9e1e0ba82\">\n#top .av-special-heading.av-lvdr9eja-d185c2e3b500e9c8243e40d9e1e0ba82{\nmargin:0 0 0 0;\npadding-bottom:1px;\n}\nbody .av-special-heading.av-lvdr9eja-d185c2e3b500e9c8243e40d9e1e0ba82 .av-special-heading-tag .heading-char{\nfont-size:25px;\n}\n.av-special-heading.av-lvdr9eja-d185c2e3b500e9c8243e40d9e1e0ba82 .av-subheading{\nfont-size:15px;\n}\n<\/style>\n<div  class='av-special-heading av-lvdr9eja-d185c2e3b500e9c8243e40d9e1e0ba82 av-special-heading-h3 blockquote modern-quote modern-right  avia-builder-el-0  el_before_av_masonry_gallery  avia-builder-el-no-sibling'><h3 class='av-special-heading-tag'  itemprop=\"headline\"  >Some Work Samples<\/h3><div class='av-subheading av-subheading_below'><p>\u00dcr\u00fcn \u00d6rnekleri<\/p>\n<\/div><div class=\"special-heading-border\"><div class=\"special-heading-inner-border\"><\/div><\/div><\/div>\n<div id='av-masonry-1' class='av-masonry av-lvdtvrw1-23ed0d9b31909f81624e7bb01d800125 noHover av-fixed-size av-large-gap av-hover-overlay-active av-masonry-animation-active av-masonry-col-2 av-caption-always av-caption-style- av-masonry-gallery' data-post_id=\"25\"><div class=\"av-masonry-container isotope av-js-disabled\"><div class='av-masonry-entry isotope-item av-masonry-item-no-image'><\/div><div id='av-masonry-1-item-501' data-av-masonry-item='501' class='av-masonry-entry isotope-item post-501 attachment type-attachment status-inherit hentry  av-masonry-item-with-image av-grid-img'    itemprop=\"thumbnailUrl\" ><div class='av-inner-masonry-sizer'><\/div><figure class='av-inner-masonry main_color'><div class=\"av-masonry-outerimage-container\"><div class='av-masonry-image-container' style=\"background-image: url(https:\/\/pamas.com.tr\/wp-content\/uploads\/2024\/04\/6-705x470.webp);\"  title=\"Pama\u015f A.\u015e.\"  ><\/div><\/div><\/figure><\/div><!--end av-masonry entry--><div id='av-masonry-1-item-498' data-av-masonry-item='498' class='av-masonry-entry isotope-item post-498 attachment type-attachment status-inherit hentry  av-masonry-item-with-image av-grid-img'    itemprop=\"thumbnailUrl\" ><div class='av-inner-masonry-sizer'><\/div><figure class='av-inner-masonry main_color'><div class=\"av-masonry-outerimage-container\"><div class='av-masonry-image-container' style=\"background-image: url(https:\/\/pamas.com.tr\/wp-content\/uploads\/2024\/04\/1-705x470.webp);\"  title=\"Pama\u015f A.\u015e.\"  ><\/div><\/div><\/figure><\/div><!--end av-masonry entry--><\/div><\/div>","protected":false},"excerpt":{"rendered":"","protected":false},"author":1,"featured_media":0,"parent":0,"menu_order":0,"comment_status":"open","ping_status":"open","template":"","meta":{"footnotes":""},"class_list":["post-25","page","type-page","status-publish","hentry"],"yoast_head":"<!-- This site is optimized with the Yoast SEO plugin v27.4 - https:\/\/yoast.com\/product\/yoast-seo-wordpress\/ -->\n<title>Portfolio - PAMA\u015e A.\u015e.<\/title>\n<meta name=\"robots\" content=\"index, follow, max-snippet:-1, max-image-preview:large, max-video-preview:-1\" \/>\n<link rel=\"canonical\" href=\"https:\/\/pamas.com.tr\/en\/portfolio-2\/\" \/>\n<meta property=\"og:locale\" content=\"en_US\" \/>\n<meta property=\"og:type\" content=\"article\" \/>\n<meta property=\"og:title\" content=\"Portfolio - PAMA\u015e A.\u015e.\" \/>\n<meta property=\"og:url\" content=\"https:\/\/pamas.com.tr\/en\/portfolio-2\/\" \/>\n<meta property=\"og:site_name\" content=\"PAMA\u015e A.\u015e.\" \/>\n<meta property=\"article:modified_time\" content=\"2024-04-24T13:43:11+00:00\" \/>\n<meta property=\"og:image\" content=\"https:\/\/pamas.com.tr\/wp-content\/uploads\/2024\/04\/ABOUT-US-SQUARE-LOGO.webp\" \/>\n\t<meta property=\"og:image:width\" content=\"299\" \/>\n\t<meta property=\"og:image:height\" content=\"300\" \/>\n\t<meta property=\"og:image:type\" content=\"image\/webp\" \/>\n<meta name=\"twitter:card\" content=\"summary_large_image\" \/>\n<meta name=\"twitter:label1\" content=\"Est. reading time\" \/>\n\t<meta name=\"twitter:data1\" content=\"2 minutes\" \/>\n<script type=\"application\/ld+json\" class=\"yoast-schema-graph\">{\"@context\":\"https:\\\/\\\/schema.org\",\"@graph\":[{\"@type\":\"WebPage\",\"@id\":\"https:\\\/\\\/pamas.com.tr\\\/portfolio-2\\\/\",\"url\":\"https:\\\/\\\/pamas.com.tr\\\/portfolio-2\\\/\",\"name\":\"Portfolio - PAMA\u015e A.\u015e.\",\"isPartOf\":{\"@id\":\"https:\\\/\\\/pamas.com.tr\\\/#website\"},\"datePublished\":\"2014-09-26T17:24:29+00:00\",\"dateModified\":\"2024-04-24T13:43:11+00:00\",\"breadcrumb\":{\"@id\":\"https:\\\/\\\/pamas.com.tr\\\/portfolio-2\\\/#breadcrumb\"},\"inLanguage\":\"en-US\",\"potentialAction\":[{\"@type\":\"ReadAction\",\"target\":[\"https:\\\/\\\/pamas.com.tr\\\/portfolio-2\\\/\"]}]},{\"@type\":\"BreadcrumbList\",\"@id\":\"https:\\\/\\\/pamas.com.tr\\\/portfolio-2\\\/#breadcrumb\",\"itemListElement\":[{\"@type\":\"ListItem\",\"position\":1,\"name\":\"Home\",\"item\":\"https:\\\/\\\/pamas.com.tr\\\/frontpage\\\/\"},{\"@type\":\"ListItem\",\"position\":2,\"name\":\"Portfolio\"}]},{\"@type\":\"WebSite\",\"@id\":\"https:\\\/\\\/pamas.com.tr\\\/#website\",\"url\":\"https:\\\/\\\/pamas.com.tr\\\/\",\"name\":\"www.pamas.com.tr\",\"description\":\"\",\"publisher\":{\"@id\":\"https:\\\/\\\/pamas.com.tr\\\/#organization\"},\"potentialAction\":[{\"@type\":\"SearchAction\",\"target\":{\"@type\":\"EntryPoint\",\"urlTemplate\":\"https:\\\/\\\/pamas.com.tr\\\/?s={search_term_string}\"},\"query-input\":{\"@type\":\"PropertyValueSpecification\",\"valueRequired\":true,\"valueName\":\"search_term_string\"}}],\"inLanguage\":\"en-US\"},{\"@type\":\"Organization\",\"@id\":\"https:\\\/\\\/pamas.com.tr\\\/#organization\",\"name\":\"PAMA\u015e A.\u015e.\",\"url\":\"https:\\\/\\\/pamas.com.tr\\\/\",\"logo\":{\"@type\":\"ImageObject\",\"inLanguage\":\"en-US\",\"@id\":\"https:\\\/\\\/pamas.com.tr\\\/#\\\/schema\\\/logo\\\/image\\\/\",\"url\":\"https:\\\/\\\/pamas.com.tr\\\/wp-content\\\/uploads\\\/2024\\\/04\\\/FRONTPAGE-LOGO.webp\",\"contentUrl\":\"https:\\\/\\\/pamas.com.tr\\\/wp-content\\\/uploads\\\/2024\\\/04\\\/FRONTPAGE-LOGO.webp\",\"width\":1628,\"height\":388,\"caption\":\"PAMA\u015e A.\u015e.\"},\"image\":{\"@id\":\"https:\\\/\\\/pamas.com.tr\\\/#\\\/schema\\\/logo\\\/image\\\/\"}}]}<\/script>\n<!-- \/ Yoast SEO plugin. -->","yoast_head_json":{"title":"Portfolio - PAMA\u015e A.\u015e.","robots":{"index":"index","follow":"follow","max-snippet":"max-snippet:-1","max-image-preview":"max-image-preview:large","max-video-preview":"max-video-preview:-1"},"canonical":"https:\/\/pamas.com.tr\/en\/portfolio-2\/","og_locale":"en_US","og_type":"article","og_title":"Portfolio - PAMA\u015e A.\u015e.","og_url":"https:\/\/pamas.com.tr\/en\/portfolio-2\/","og_site_name":"PAMA\u015e A.\u015e.","article_modified_time":"2024-04-24T13:43:11+00:00","og_image":[{"width":299,"height":300,"url":"https:\/\/pamas.com.tr\/wp-content\/uploads\/2024\/04\/ABOUT-US-SQUARE-LOGO.webp","type":"image\/webp"}],"twitter_card":"summary_large_image","twitter_misc":{"Est. reading time":"2 minutes"},"schema":{"@context":"https:\/\/schema.org","@graph":[{"@type":"WebPage","@id":"https:\/\/pamas.com.tr\/portfolio-2\/","url":"https:\/\/pamas.com.tr\/portfolio-2\/","name":"Portfolio - PAMA\u015e A.\u015e.","isPartOf":{"@id":"https:\/\/pamas.com.tr\/#website"},"datePublished":"2014-09-26T17:24:29+00:00","dateModified":"2024-04-24T13:43:11+00:00","breadcrumb":{"@id":"https:\/\/pamas.com.tr\/portfolio-2\/#breadcrumb"},"inLanguage":"en-US","potentialAction":[{"@type":"ReadAction","target":["https:\/\/pamas.com.tr\/portfolio-2\/"]}]},{"@type":"BreadcrumbList","@id":"https:\/\/pamas.com.tr\/portfolio-2\/#breadcrumb","itemListElement":[{"@type":"ListItem","position":1,"name":"Home","item":"https:\/\/pamas.com.tr\/frontpage\/"},{"@type":"ListItem","position":2,"name":"Portfolio"}]},{"@type":"WebSite","@id":"https:\/\/pamas.com.tr\/#website","url":"https:\/\/pamas.com.tr\/","name":"www.pamas.com.tr","description":"","publisher":{"@id":"https:\/\/pamas.com.tr\/#organization"},"potentialAction":[{"@type":"SearchAction","target":{"@type":"EntryPoint","urlTemplate":"https:\/\/pamas.com.tr\/?s={search_term_string}"},"query-input":{"@type":"PropertyValueSpecification","valueRequired":true,"valueName":"search_term_string"}}],"inLanguage":"en-US"},{"@type":"Organization","@id":"https:\/\/pamas.com.tr\/#organization","name":"PAMA\u015e A.\u015e.","url":"https:\/\/pamas.com.tr\/","logo":{"@type":"ImageObject","inLanguage":"en-US","@id":"https:\/\/pamas.com.tr\/#\/schema\/logo\/image\/","url":"https:\/\/pamas.com.tr\/wp-content\/uploads\/2024\/04\/FRONTPAGE-LOGO.webp","contentUrl":"https:\/\/pamas.com.tr\/wp-content\/uploads\/2024\/04\/FRONTPAGE-LOGO.webp","width":1628,"height":388,"caption":"PAMA\u015e A.\u015e."},"image":{"@id":"https:\/\/pamas.com.tr\/#\/schema\/logo\/image\/"}}]}},"_links":{"self":[{"href":"https:\/\/pamas.com.tr\/en\/wp-json\/wp\/v2\/pages\/25","targetHints":{"allow":["GET"]}}],"collection":[{"href":"https:\/\/pamas.com.tr\/en\/wp-json\/wp\/v2\/pages"}],"about":[{"href":"https:\/\/pamas.com.tr\/en\/wp-json\/wp\/v2\/types\/page"}],"author":[{"embeddable":true,"href":"https:\/\/pamas.com.tr\/en\/wp-json\/wp\/v2\/users\/1"}],"replies":[{"embeddable":true,"href":"https:\/\/pamas.com.tr\/en\/wp-json\/wp\/v2\/comments?post=25"}],"version-history":[{"count":50,"href":"https:\/\/pamas.com.tr\/en\/wp-json\/wp\/v2\/pages\/25\/revisions"}],"predecessor-version":[{"id":696,"href":"https:\/\/pamas.com.tr\/en\/wp-json\/wp\/v2\/pages\/25\/revisions\/696"}],"wp:attachment":[{"href":"https:\/\/pamas.com.tr\/en\/wp-json\/wp\/v2\/media?parent=25"}],"curies":[{"name":"wp","href":"https:\/\/api.w.org\/{rel}","templated":true}]}}