{"id":65,"date":"2024-04-22T14:08:41","date_gmt":"2024-04-22T14:08:41","guid":{"rendered":"http:\/\/192.168.1.104\/enfold-photography\/?page_id=2"},"modified":"2024-07-25T09:34:56","modified_gmt":"2024-07-25T09:34:56","slug":"frontpage","status":"publish","type":"page","link":"https:\/\/pamas.com.tr\/en\/","title":{"rendered":"Frontpage"},"content":{"rendered":"<div   class='avia-fullscreen-slider main_color   avia-builder-el-0  avia-builder-el-no-sibling  container_wrap fullsize'  >\n<style type=\"text\/css\" data-created_by=\"avia_inline_auto\" id=\"style-css-av-9r7h-c269f95407a70870c5812544a8dfeb75\">\n#top #wrap_all .avia-slideshow .av-slideshow-caption.av-9r7h-c269f95407a70870c5812544a8dfeb75__0 .avia-caption-title{\nfont-size:70px;\n}\n#top .avia-slideshow .av-slideshow-caption.av-9r7h-c269f95407a70870c5812544a8dfeb75__0 .avia-caption-content{\nfont-size:22px;\n}\n#top .avia-slideshow .av-slideshow-caption.av-9r7h-c269f95407a70870c5812544a8dfeb75__0 .avia-caption-content p{\nfont-size:22px;\n}\n<\/style>\n<div  class='avia-slideshow av-9r7h-c269f95407a70870c5812544a8dfeb75 avia-slideshow-extra_large av_fullscreen avia-fade-slider av-slideshow-ui av-control-hidden av-no-slider-navigation av-hide-nav-arrows av-slideshow-autoplay av-loop-endless av-loop-manual-endless av-default-height-applied   avia-slideshow-1' data-slideshow-options=\"{&quot;animation&quot;:&quot;fade&quot;,&quot;autoplay&quot;:true,&quot;loop_autoplay&quot;:&quot;endless&quot;,&quot;interval&quot;:3,&quot;loop_manual&quot;:&quot;manual-endless&quot;,&quot;autoplay_stopper&quot;:false,&quot;noNavigation&quot;:true,&quot;bg_slider&quot;:true,&quot;keep_padding&quot;:false,&quot;hoverpause&quot;:false,&quot;show_slide_delay&quot;:0,&quot;slide_height&quot;:&quot;100&quot;,&quot;image_attachment&quot;:&quot;&quot;}\"  itemprop=\"image\" itemscope=\"itemscope\" itemtype=\"https:\/\/schema.org\/ImageObject\" ><ul class='avia-slideshow-inner' style='padding-bottom: 66.666666666667%;'><li style='background-position:center center;' data-img-url='https:\/\/pamas.com.tr\/wp-content\/uploads\/2024\/04\/1-1500x1000.webp' class='avia-slideshow-slide av-9r7h-c269f95407a70870c5812544a8dfeb75__0  slide-1 slide-odd'><div data-rel='slideshow-1' class='avia-slide-wrap'   ><\/div><\/li><li style='background-position:center center;' data-img-url='https:\/\/pamas.com.tr\/wp-content\/uploads\/2024\/04\/2-1500x1000.webp' class='avia-slideshow-slide av-9r7h-c269f95407a70870c5812544a8dfeb75__1  slide-2 slide-even'><div data-rel='slideshow-1' class='avia-slide-wrap'   ><\/div><\/li><li style='background-position:center center;' data-img-url='https:\/\/pamas.com.tr\/wp-content\/uploads\/2024\/04\/Pamas-48-1500x1000.webp' class='avia-slideshow-slide av-9r7h-c269f95407a70870c5812544a8dfeb75__2  slide-3 slide-odd'><div data-rel='slideshow-1' class='avia-slide-wrap'   ><\/div><\/li><li style='background-position:center center;' data-img-url='https:\/\/pamas.com.tr\/wp-content\/uploads\/2024\/04\/6-1500x1000.webp' class='avia-slideshow-slide av-9r7h-c269f95407a70870c5812544a8dfeb75__3  slide-4 slide-even'><div data-rel='slideshow-1' class='avia-slide-wrap'   ><\/div><\/li><li style='background-position:center center;' data-img-url='https:\/\/pamas.com.tr\/wp-content\/uploads\/2024\/04\/3-1500x1000.webp' class='avia-slideshow-slide av-9r7h-c269f95407a70870c5812544a8dfeb75__4  slide-5 slide-odd'><div data-rel='slideshow-1' class='avia-slide-wrap'   ><\/div><\/li><li style='background-position:center center;' data-img-url='https:\/\/pamas.com.tr\/wp-content\/uploads\/2024\/04\/16-1500x1000.webp' class='avia-slideshow-slide av-9r7h-c269f95407a70870c5812544a8dfeb75__5  slide-6 slide-even'><div data-rel='slideshow-1' class='avia-slide-wrap'   ><\/div><\/li><\/ul><div class='avia-slideshow-arrows avia-slideshow-controls' ><a href='#prev' class='prev-slide' aria-hidden='true' data-av_icon='\ue87c' data-av_iconfont='entypo-fontello'  tabindex='-1'>Previous<\/a><a href='#next' class='next-slide' aria-hidden='true' data-av_icon='\ue87d' data-av_iconfont='entypo-fontello'  tabindex='-1'>Next<\/a><\/div><div class='av-slideshow-caption av-9r7h-c269f95407a70870c5812544a8dfeb75__0 caption_fullwidth caption_bottom'><div class=\"container caption_container\"><div class=\"slideshow_caption\"><div class=\"slideshow_inner_caption\"><div class=\"slideshow_align_caption\"><a href='https:\/\/pamas.com.tr\/en\/contact\/'  class='avia-slideshow-button avia-button avia-color-theme-color-highlight avia-multi-slideshow-button' data-duration='800' data-easing='easeInOutQuad'>Get in Touch<\/a><a href='https:\/\/maps.app.goo.gl\/danCqb2fPjuvejyf9'  class='avia-slideshow-button avia-button avia-color-theme-color-subtle avia-multi-slideshow-button avia-slideshow-button-2' data-duration='800' data-easing='easeInOutQuad'>Get Location<\/a><\/div><\/div><\/div><\/div><\/div><\/div><\/div>","protected":false},"excerpt":{"rendered":"","protected":false},"author":1,"featured_media":600,"parent":0,"menu_order":0,"comment_status":"open","ping_status":"closed","template":"","meta":{"footnotes":""},"class_list":["post-65","page","type-page","status-publish","has-post-thumbnail","hentry"],"yoast_head":"<!-- This site is optimized with the Yoast SEO plugin v27.5 - https:\/\/yoast.com\/product\/yoast-seo-wordpress\/ -->\n<title>PAMA\u015e A.\u015e.<\/title>\n<meta name=\"description\" content=\"Sekt\u00f6rdeki lider \u00fcretici firmalardan biri olarak, y\u00fcksek kaliteli \u00fcr\u00fcnler ve yenilik\u00e7i \u00e7\u00f6z\u00fcmlerle i\u015finizi g\u00fc\u00e7lendirmenize yard\u0131mc\u0131 oluyor. M\u00fc\u015fterilerimizin ihtiya\u00e7lar\u0131na odaklanarak ve end\u00fcstri standartlar\u0131n\u0131 a\u015farak, sizi rekabette bir ad\u0131m \u00f6ne \u00e7\u0131karmak i\u00e7in buraday\u0131z.\" \/>\n<meta name=\"robots\" content=\"index, follow, max-snippet:-1, max-image-preview:large, max-video-preview:-1\" \/>\n<link rel=\"canonical\" href=\"https:\/\/pamas.com.tr\/en\/frontpage\/\" \/>\n<meta property=\"og:locale\" content=\"en_US\" \/>\n<meta property=\"og:type\" content=\"article\" \/>\n<meta property=\"og:title\" content=\"PAMA\u015e A.\u015e.\" \/>\n<meta property=\"og:description\" content=\"Sekt\u00f6rdeki lider \u00fcretici firmalardan biri olarak, y\u00fcksek kaliteli \u00fcr\u00fcnler ve yenilik\u00e7i \u00e7\u00f6z\u00fcmlerle i\u015finizi g\u00fc\u00e7lendirmenize yard\u0131mc\u0131 oluyor. M\u00fc\u015fterilerimizin ihtiya\u00e7lar\u0131na odaklanarak ve end\u00fcstri standartlar\u0131n\u0131 a\u015farak, sizi rekabette bir ad\u0131m \u00f6ne \u00e7\u0131karmak i\u00e7in buraday\u0131z.\" \/>\n<meta property=\"og:url\" content=\"https:\/\/pamas.com.tr\/en\/frontpage\/\" \/>\n<meta property=\"og:site_name\" content=\"PAMA\u015e A.\u015e.\" \/>\n<meta property=\"article:modified_time\" content=\"2024-07-25T09:34:56+00:00\" \/>\n<meta property=\"og:image\" content=\"https:\/\/pamas.com.tr\/wp-content\/uploads\/2024\/04\/cropped-ABOUT-US-SQUARE-LOGO.webp\" \/>\n\t<meta property=\"og:image:width\" content=\"512\" \/>\n\t<meta property=\"og:image:height\" content=\"512\" \/>\n\t<meta property=\"og:image:type\" content=\"image\/webp\" \/>\n<meta name=\"twitter:card\" content=\"summary_large_image\" \/>\n<meta name=\"twitter:label1\" content=\"Est. reading time\" \/>\n\t<meta name=\"twitter:data1\" content=\"1 minute\" \/>\n<script type=\"application\/ld+json\" class=\"yoast-schema-graph\">{\"@context\":\"https:\\\/\\\/schema.org\",\"@graph\":[{\"@type\":\"WebPage\",\"@id\":\"https:\\\/\\\/pamas.com.tr\\\/frontpage\\\/\",\"url\":\"https:\\\/\\\/pamas.com.tr\\\/frontpage\\\/\",\"name\":\"PAMA\u015e A.\u015e.\",\"isPartOf\":{\"@id\":\"https:\\\/\\\/pamas.com.tr\\\/#website\"},\"primaryImageOfPage\":{\"@id\":\"https:\\\/\\\/pamas.com.tr\\\/frontpage\\\/#primaryimage\"},\"image\":{\"@id\":\"https:\\\/\\\/pamas.com.tr\\\/frontpage\\\/#primaryimage\"},\"thumbnailUrl\":\"https:\\\/\\\/pamas.com.tr\\\/wp-content\\\/uploads\\\/2024\\\/04\\\/cropped-ABOUT-US-SQUARE-LOGO.webp\",\"datePublished\":\"2024-04-22T14:08:41+00:00\",\"dateModified\":\"2024-07-25T09:34:56+00:00\",\"description\":\"Sekt\u00f6rdeki lider \u00fcretici firmalardan biri olarak, y\u00fcksek kaliteli \u00fcr\u00fcnler ve yenilik\u00e7i \u00e7\u00f6z\u00fcmlerle i\u015finizi g\u00fc\u00e7lendirmenize yard\u0131mc\u0131 oluyor. M\u00fc\u015fterilerimizin ihtiya\u00e7lar\u0131na odaklanarak ve end\u00fcstri standartlar\u0131n\u0131 a\u015farak, sizi rekabette bir ad\u0131m \u00f6ne \u00e7\u0131karmak i\u00e7in buraday\u0131z.\",\"breadcrumb\":{\"@id\":\"https:\\\/\\\/pamas.com.tr\\\/frontpage\\\/#breadcrumb\"},\"inLanguage\":\"en-US\",\"potentialAction\":[{\"@type\":\"ReadAction\",\"target\":[\"https:\\\/\\\/pamas.com.tr\\\/frontpage\\\/\"]}]},{\"@type\":\"ImageObject\",\"inLanguage\":\"en-US\",\"@id\":\"https:\\\/\\\/pamas.com.tr\\\/frontpage\\\/#primaryimage\",\"url\":\"https:\\\/\\\/pamas.com.tr\\\/wp-content\\\/uploads\\\/2024\\\/04\\\/cropped-ABOUT-US-SQUARE-LOGO.webp\",\"contentUrl\":\"https:\\\/\\\/pamas.com.tr\\\/wp-content\\\/uploads\\\/2024\\\/04\\\/cropped-ABOUT-US-SQUARE-LOGO.webp\",\"width\":512,\"height\":512},{\"@type\":\"BreadcrumbList\",\"@id\":\"https:\\\/\\\/pamas.com.tr\\\/frontpage\\\/#breadcrumb\",\"itemListElement\":[{\"@type\":\"ListItem\",\"position\":1,\"name\":\"Home\",\"item\":\"https:\\\/\\\/pamas.com.tr\\\/frontpage\\\/\"},{\"@type\":\"ListItem\",\"position\":2,\"name\":\"Frontpage\"}]},{\"@type\":\"WebSite\",\"@id\":\"https:\\\/\\\/pamas.com.tr\\\/#website\",\"url\":\"https:\\\/\\\/pamas.com.tr\\\/\",\"name\":\"www.pamas.com.tr\",\"description\":\"\",\"publisher\":{\"@id\":\"https:\\\/\\\/pamas.com.tr\\\/#organization\"},\"potentialAction\":[{\"@type\":\"SearchAction\",\"target\":{\"@type\":\"EntryPoint\",\"urlTemplate\":\"https:\\\/\\\/pamas.com.tr\\\/?s={search_term_string}\"},\"query-input\":{\"@type\":\"PropertyValueSpecification\",\"valueRequired\":true,\"valueName\":\"search_term_string\"}}],\"inLanguage\":\"en-US\"},{\"@type\":\"Organization\",\"@id\":\"https:\\\/\\\/pamas.com.tr\\\/#organization\",\"name\":\"PAMA\u015e A.\u015e.\",\"url\":\"https:\\\/\\\/pamas.com.tr\\\/\",\"logo\":{\"@type\":\"ImageObject\",\"inLanguage\":\"en-US\",\"@id\":\"https:\\\/\\\/pamas.com.tr\\\/#\\\/schema\\\/logo\\\/image\\\/\",\"url\":\"https:\\\/\\\/pamas.com.tr\\\/wp-content\\\/uploads\\\/2024\\\/04\\\/FRONTPAGE-LOGO.webp\",\"contentUrl\":\"https:\\\/\\\/pamas.com.tr\\\/wp-content\\\/uploads\\\/2024\\\/04\\\/FRONTPAGE-LOGO.webp\",\"width\":1628,\"height\":388,\"caption\":\"PAMA\u015e A.\u015e.\"},\"image\":{\"@id\":\"https:\\\/\\\/pamas.com.tr\\\/#\\\/schema\\\/logo\\\/image\\\/\"}}]}<\/script>\n<!-- \/ Yoast SEO plugin. -->","yoast_head_json":{"title":"PAMA\u015e A.\u015e.","description":"As one of the industry's leading manufacturers, we can help you strengthen your business with high quality products and innovative solutions. By focusing on our customers' needs and exceeding industry standards, we are here to help you stay ahead of the competition.","robots":{"index":"index","follow":"follow","max-snippet":"max-snippet:-1","max-image-preview":"max-image-preview:large","max-video-preview":"max-video-preview:-1"},"canonical":"https:\/\/pamas.com.tr\/en\/frontpage\/","og_locale":"en_US","og_type":"article","og_title":"PAMA\u015e A.\u015e.","og_description":"Sekt\u00f6rdeki lider \u00fcretici firmalardan biri olarak, y\u00fcksek kaliteli \u00fcr\u00fcnler ve yenilik\u00e7i \u00e7\u00f6z\u00fcmlerle i\u015finizi g\u00fc\u00e7lendirmenize yard\u0131mc\u0131 oluyor. M\u00fc\u015fterilerimizin ihtiya\u00e7lar\u0131na odaklanarak ve end\u00fcstri standartlar\u0131n\u0131 a\u015farak, sizi rekabette bir ad\u0131m \u00f6ne \u00e7\u0131karmak i\u00e7in buraday\u0131z.","og_url":"https:\/\/pamas.com.tr\/en\/frontpage\/","og_site_name":"PAMA\u015e A.\u015e.","article_modified_time":"2024-07-25T09:34:56+00:00","og_image":[{"width":512,"height":512,"url":"https:\/\/pamas.com.tr\/wp-content\/uploads\/2024\/04\/cropped-ABOUT-US-SQUARE-LOGO.webp","type":"image\/webp"}],"twitter_card":"summary_large_image","twitter_misc":{"Est. reading time":"1 minute"},"schema":{"@context":"https:\/\/schema.org","@graph":[{"@type":"WebPage","@id":"https:\/\/pamas.com.tr\/frontpage\/","url":"https:\/\/pamas.com.tr\/frontpage\/","name":"PAMA\u015e A.\u015e.","isPartOf":{"@id":"https:\/\/pamas.com.tr\/#website"},"primaryImageOfPage":{"@id":"https:\/\/pamas.com.tr\/frontpage\/#primaryimage"},"image":{"@id":"https:\/\/pamas.com.tr\/frontpage\/#primaryimage"},"thumbnailUrl":"https:\/\/pamas.com.tr\/wp-content\/uploads\/2024\/04\/cropped-ABOUT-US-SQUARE-LOGO.webp","datePublished":"2024-04-22T14:08:41+00:00","dateModified":"2024-07-25T09:34:56+00:00","description":"As one of the industry's leading manufacturers, we can help you strengthen your business with high quality products and innovative solutions. By focusing on our customers' needs and exceeding industry standards, we are here to help you stay ahead of the competition.","breadcrumb":{"@id":"https:\/\/pamas.com.tr\/frontpage\/#breadcrumb"},"inLanguage":"en-US","potentialAction":[{"@type":"ReadAction","target":["https:\/\/pamas.com.tr\/frontpage\/"]}]},{"@type":"ImageObject","inLanguage":"en-US","@id":"https:\/\/pamas.com.tr\/frontpage\/#primaryimage","url":"https:\/\/pamas.com.tr\/wp-content\/uploads\/2024\/04\/cropped-ABOUT-US-SQUARE-LOGO.webp","contentUrl":"https:\/\/pamas.com.tr\/wp-content\/uploads\/2024\/04\/cropped-ABOUT-US-SQUARE-LOGO.webp","width":512,"height":512},{"@type":"BreadcrumbList","@id":"https:\/\/pamas.com.tr\/frontpage\/#breadcrumb","itemListElement":[{"@type":"ListItem","position":1,"name":"Home","item":"https:\/\/pamas.com.tr\/frontpage\/"},{"@type":"ListItem","position":2,"name":"Frontpage"}]},{"@type":"WebSite","@id":"https:\/\/pamas.com.tr\/#website","url":"https:\/\/pamas.com.tr\/","name":"www.pamas.com.tr","description":"","publisher":{"@id":"https:\/\/pamas.com.tr\/#organization"},"potentialAction":[{"@type":"SearchAction","target":{"@type":"EntryPoint","urlTemplate":"https:\/\/pamas.com.tr\/?s={search_term_string}"},"query-input":{"@type":"PropertyValueSpecification","valueRequired":true,"valueName":"search_term_string"}}],"inLanguage":"en-US"},{"@type":"Organization","@id":"https:\/\/pamas.com.tr\/#organization","name":"PAMA\u015e A.\u015e.","url":"https:\/\/pamas.com.tr\/","logo":{"@type":"ImageObject","inLanguage":"en-US","@id":"https:\/\/pamas.com.tr\/#\/schema\/logo\/image\/","url":"https:\/\/pamas.com.tr\/wp-content\/uploads\/2024\/04\/FRONTPAGE-LOGO.webp","contentUrl":"https:\/\/pamas.com.tr\/wp-content\/uploads\/2024\/04\/FRONTPAGE-LOGO.webp","width":1628,"height":388,"caption":"PAMA\u015e A.\u015e."},"image":{"@id":"https:\/\/pamas.com.tr\/#\/schema\/logo\/image\/"}}]}},"_links":{"self":[{"href":"https:\/\/pamas.com.tr\/en\/wp-json\/wp\/v2\/pages\/65","targetHints":{"allow":["GET"]}}],"collection":[{"href":"https:\/\/pamas.com.tr\/en\/wp-json\/wp\/v2\/pages"}],"about":[{"href":"https:\/\/pamas.com.tr\/en\/wp-json\/wp\/v2\/types\/page"}],"author":[{"embeddable":true,"href":"https:\/\/pamas.com.tr\/en\/wp-json\/wp\/v2\/users\/1"}],"replies":[{"embeddable":true,"href":"https:\/\/pamas.com.tr\/en\/wp-json\/wp\/v2\/comments?post=65"}],"version-history":[{"count":13,"href":"https:\/\/pamas.com.tr\/en\/wp-json\/wp\/v2\/pages\/65\/revisions"}],"predecessor-version":[{"id":621,"href":"https:\/\/pamas.com.tr\/en\/wp-json\/wp\/v2\/pages\/65\/revisions\/621"}],"wp:featuredmedia":[{"embeddable":true,"href":"https:\/\/pamas.com.tr\/en\/wp-json\/wp\/v2\/media\/600"}],"wp:attachment":[{"href":"https:\/\/pamas.com.tr\/en\/wp-json\/wp\/v2\/media?parent=65"}],"curies":[{"name":"wp","href":"https:\/\/api.w.org\/{rel}","templated":true}]}}